{"id":784,"date":"2026-01-05T17:00:59","date_gmt":"2026-01-05T10:00:59","guid":{"rendered":"https:\/\/globalcitymasterise.vn\/?page_id=784"},"modified":"2026-01-20T14:04:16","modified_gmt":"2026-01-20T07:04:16","slug":"quy-che-hoat-dong","status":"publish","type":"page","link":"https:\/\/globalcitymasterise.vn\/ko\/quy-che-hoat-dong\/","title":{"rendered":"\uc6b4\uc601 \uaddc\uc815"},"content":{"rendered":"<div data-elementor-type=\"wp-page\" data-elementor-id=\"784\" class=\"elementor elementor-784\" data-elementor-post-type=\"page\">\n\t\t\t\t<div class=\"elementor-element elementor-element-2e1d491d e-flex e-con-boxed e-con e-parent\" data-id=\"2e1d491d\" data-element_type=\"container\" data-e-type=\"container\">\n\t\t\t\t\t<div class=\"e-con-inner\">\n\t\t\t\t<div class=\"elementor-element elementor-element-1167bef elementor-widget elementor-widget-heading\" data-id=\"1167bef\" data-element_type=\"widget\" data-e-type=\"widget\" data-widget_type=\"heading.default\">\n\t\t\t\t\t<h1 class=\"elementor-heading-title elementor-size-default\">QUY CH\u1ebe HO\u1ea0T \u0110\u1ed8NG<\/h1>\t\t\t\t<\/div>\n\t\t\t\t<div class=\"elementor-element elementor-element-ad23318 elementor-widget elementor-widget-text-editor\" data-id=\"ad23318\" data-element_type=\"widget\" data-e-type=\"widget\" data-widget_type=\"text-editor.default\">\n\t\t\t\t\t\t\t\t\t<div data-element_type=\"container\"><div><div data-element_type=\"widget\" data-widget_type=\"heading.default\"><h2>\uc18c\uac1c<\/h2><\/div><div data-element_type=\"widget\" data-widget_type=\"text-editor.default\"><p>Ch\u00e0o m\u1eebng b\u1ea1n \u0111\u1ebfn v\u1edbi globalcitymasterise.vn, trang th\u00f4ng tin ch\u00ednh th\u1ee9c c\u1ee7a ph\u00e2n khu Park Place t\u1ea1i The Global City do ch\u1ee7 \u0111\u1ea7u t\u01b0 Masterise Homes ph\u00e1t tri\u1ec3n. globalcitymasterise.vn l\u00e0 n\u01a1i cung c\u1ea5p th\u00f4ng tin chi ti\u1ebft v\u1ec1 d\u1ef1 \u00e1n, t\u1eeb quy ho\u1ea1ch, ti\u1ec7n \u00edch, ch\u00ednh s\u00e1ch b\u00e1n h\u00e0ng, ph\u00e1p l\u00fd \u0111\u1ebfn c\u00e1c tin t\u1ee9c bi\u1ebfn \u0111\u1ed9ng th\u1ecb tr\u01b0\u1eddng B\u0110S \u0111\u01b0\u1ee3c c\u1eadp nh\u1eadt m\u1ed7i ng\u00e0y tr\u00ean website.<\/p><p>Ch\u00fang t\u00f4i cam k\u1ebft \u0111\u1eb7t s\u1ef1 tin t\u01b0\u1edfng v\u00e0 quy\u1ec1n ri\u00eang t\u01b0 c\u1ee7a kh\u00e1ch h\u00e0ng l\u00ean h\u00e0ng \u0111\u1ea7u, tu\u00e2n th\u1ee7 nghi\u00eam ng\u1eb7t c\u00e1c ti\u00eau chu\u1ea9n b\u1ea3o m\u1eadt th\u00f4ng tin v\u00e0 v\u1eadn h\u00e0nh minh b\u1ea1ch.\u00a0<a title=\"quy ch\u1ebf ho\u1ea1t \u0111\u1ed9ng\" href=\"\/ko\/quy-che-hoat-dong\/\" target=\"_blank\" rel=\"noopener\"><strong>\uc6b4\uc601 \uaddc\uc815<\/strong><\/a> globalcitymasterise.vn \u2013 l\u00e0 b\u1ea3n cam k\u1ebft minh b\u1ea1ch, r\u00f5 r\u00e0ng, \u0111\u1ea3m b\u1ea3o quy\u1ec1n l\u1ee3i t\u1ed1t nh\u1ea5t cho c\u01b0 d\u00e2n, c\u01b0 d\u00e2n t\u01b0\u01a1ng lai v\u00e0 nh\u00e0 \u0111\u1ea7u t\u01b0. Ch\u00fang t\u00f4i \u0111\u1eb7t ti\u00eau ch\u00ed Chuy\u00ean nghi\u1ec7p \u2013 Uy t\u00edn \u2013 Tin t\u01b0\u1edfng l\u00ean h\u00e0ng \u0111\u1ea7u.<\/p><\/div><div data-element_type=\"widget\" data-widget_type=\"text-editor.default\"><p><b>\u0110\u01a1n v\u1ecb ch\u1ecbu tr\u00e1ch nhi\u1ec7m x\u1eed l\u00fd d\u1eef li\u1ec7u tr\u00ean website n\u00e0y:\u00a0<\/b><\/p><ul><li aria-level=\"1\"><b>T\u00ean \u0111\u1ea1i l\u00fd:<\/b> C\u00d4NG TY TNHH \u0110\u1ea6U T\u01af V\u00c0 PH\u00c1T TRI\u1ec2N \u0110\u1ecaA \u1ed0C MINH T\u00c2M<\/li><li aria-level=\"1\"><b>Vai tr\u00f2:<\/b> \u0110\u01a1n v\u1ecb ph\u00e2n ph\u1ed1i<\/li><li aria-level=\"1\"><b>\u0110\u1ecba ch\u1ec9 \u0111\u0103ng k\u00fd kinh doanh:<\/b> M1-35 \ub354 \ub9e8\ud574\ud2bc(The Manhattan), Vinhomes Grand Park,\n\ub871\ube48(Long Binh) \ub3d9, \ubca0\ud2b8\ub0a8 \ud638\ucc0c\ubbfc\uc2dc<\/li><li aria-level=\"1\"><b>M\u00e3 s\u1ed1 thu\u1ebf:<\/b> 0316830947<\/li><\/ul><\/div><\/div><\/div><div data-element_type=\"container\"><div><div data-element_type=\"widget\" data-widget_type=\"heading.default\"><h2><strong>Ch\u00ednh s\u00e1ch v\u1eadn chuy\u1ec3n<\/strong><\/h2><\/div><\/div><\/div><div data-element_type=\"container\"><div><div data-element_type=\"widget\" data-widget_type=\"text-editor.default\"><p>Do \u0111\u1eb7c th\u00f9 c\u1ee7a website globalcitymasterise.vn l\u00e0 chuy\u00ean trang cung c\u1ea5p th\u00f4ng tin d\u1ef1 \u00e1n, h\u00ecnh th\u1ee9c giao nh\u1eadn t\u1ea1i \u0111\u00e2y \u0111\u01b0\u1ee3c hi\u1ec3u l\u00e0 vi\u1ec7c chuy\u1ec3n giao h\u1ee3p \u0111\u1ed3ng v\u00e0 c\u00e1c gi\u1ea5y t\u1edd ph\u00e1p l\u00fd li\u00ean quan \u0111\u1ebfn B\u0110S gi\u1eefa ng\u01b0\u1eddi mua v\u00e0 ng\u01b0\u1eddi b\u00e1n. Ng\u01b0\u1eddi mua c\u00f3 quy\u1ec1n th\u1ecfa thu\u1eadn v\u1edbi ch\u1ee7 \u0111\u1ea7u t\u01b0 v\u1ec1 ph\u01b0\u01a1ng th\u1ee9c v\u1eadn chuy\u1ec3n gi\u1ea5y t\u1edd, bao g\u1ed3m:<\/p><ul><li aria-level=\"1\">Giao tr\u1ef1c ti\u1ebfp t\u1ea1i v\u0103n ph\u00f2ng.<\/li><li aria-level=\"1\">G\u1eedi qua b\u01b0u \u0111i\u1ec7n.<\/li><li aria-level=\"1\">Thu\u00ea d\u1ecbch v\u1ee5 chuy\u1ec3n ph\u00e1t nhanh b\u00ean th\u1ee9 ba.<\/li><\/ul><\/div><div data-element_type=\"widget\" data-widget_type=\"text-editor.default\"><p>Ph\u01b0\u01a1ng th\u1ee9c v\u1eadn chuy\u1ec3n \u0111\u01b0\u1ee3c linh ho\u1ea1t d\u1ef1a tr\u00ean th\u1ecfa thu\u1eadn gi\u1eefa hai b\u00ean, \u0111\u1ea3m b\u1ea3o s\u1ef1 thu\u1eadn ti\u1ec7n v\u00e0 minh b\u1ea1ch.<\/p><\/div><\/div><\/div><div data-element_type=\"container\"><div><div data-element_type=\"widget\" data-widget_type=\"heading.default\"><h2><strong>Ch\u00ednh s\u00e1ch b\u1ea3o h\u00e0nh<\/strong><\/h2><\/div><\/div><\/div><div data-element_type=\"container\"><div><div data-element_type=\"widget\" data-widget_type=\"text-editor.default\"><p>Ch\u1ee7 \u0111\u1ea7u t\u01b0 Vingroup ch\u1ecbu tr\u00e1ch nhi\u1ec7m b\u1ea3o h\u00e0nh c\u0103n h\u1ed9 theo \u0111\u00fang quy \u0111\u1ecbnh t\u1ea1i\u00a0<b>\u0110i\u1ec1u 85 Lu\u1eadt Nh\u00e0 \u1edf 2014<\/b>\u00a0v\u00e0 c\u00e1c quy \u0111\u1ecbnh ph\u00e1p lu\u1eadt li\u00ean quan.<\/p><ul><li aria-level=\"1\"><b>Th\u1eddi \u0111i\u1ec3m b\u1ea3o h\u00e0nh<\/b>: Tr\u01b0\u1edbc khi \u0111\u01b0a c\u00f4ng tr\u00ecnh v\u00e0o s\u1eed d\u1ee5ng, ch\u1ee7 \u0111\u1ea7u t\u01b0 cung c\u1ea5p\u00a0<b>bi\u00ean b\u1ea3n nghi\u1ec7m thu<\/b>\u00a0\u0111\u1ec3 x\u00e1c \u0111\u1ecbnh th\u1eddi gian b\u1eaft \u0111\u1ea7u b\u1ea3o h\u00e0nh.<\/li><li aria-level=\"1\"><b>Th\u1eddi gian b\u1ea3o h\u00e0nh<\/b>: Th\u00f4ng th\u01b0\u1eddng l\u00e0\u00a0<b>60 th\u00e1ng<\/b>, t\u00ednh t\u1eeb ng\u00e0y k\u00fd bi\u00ean b\u1ea3n nghi\u1ec7m thu, theo quy \u0111\u1ecbnh trong h\u1ee3p \u0111\u1ed3ng.<\/li><li aria-level=\"1\"><b>N\u1ed9i dung b\u1ea3o h\u00e0nh<\/b>: Bao g\u1ed3m s\u1eeda ch\u1eefa c\u00e1c h\u01b0 h\u1ecfng v\u1ec1 k\u1ebft c\u1ea5u (khung, c\u1ed9t, d\u1ea7m, s\u00e0n, t\u01b0\u1eddng, tr\u1ea7n, m\u00e1i), c\u00e1c h\u1ea1ng m\u1ee5c ho\u00e0n thi\u1ec7n (\u1ed1p, l\u00e1t, tr\u00e1t, c\u1ea7u thang), h\u1ec7 th\u1ed1ng k\u1ef9 thu\u1eadt (\u0111i\u1ec7n, n\u01b0\u1edbc, tho\u00e1t ch\u1ea5t th\u1ea3i), v\u00e0 c\u00e1c thi\u1ebft b\u1ecb, n\u1ed9i th\u1ea5t theo cam k\u1ebft trong h\u1ee3p \u0111\u1ed3ng.<\/li><\/ul><\/div><div data-element_type=\"widget\" data-widget_type=\"text-editor.default\"><p>Ch\u00fang t\u00f4i, v\u1edbi vai tr\u00f2 \u0111\u1ea1i l\u00fd m\u00f4i gi\u1edbi, h\u1ed7 tr\u1ee3 t\u01b0 v\u1ea5n th\u00f4ng tin, th\u1ee7 t\u1ee5c thanh to\u00e1n, vay v\u1ed1n (n\u1ebfu c\u1ea7n) v\u00e0 x\u00fac ti\u1ebfn qu\u00e1 tr\u00ecnh mua b\u00e1n, nh\u01b0ng kh\u00f4ng ch\u1ecbu tr\u00e1ch nhi\u1ec7m tr\u1ef1c ti\u1ebfp v\u1ec1 b\u1ea3o h\u00e0nh. Ch\u00fang t\u00f4i s\u1ebd cung c\u1ea5p th\u00f4ng tin c\u1ea7n thi\u1ebft \u0111\u1ec3 h\u1ed7 tr\u1ee3 gi\u1ea3i quy\u1ebft tranh ch\u1ea5p (n\u1ebfu c\u00f3), \u0111\u1ea3m b\u1ea3o quy\u1ec1n l\u1ee3i cho ng\u01b0\u1eddi mua.<\/p><p><b>Khuy\u1ebfn ngh\u1ecb<\/b>: Ng\u01b0\u1eddi mua n\u00ean xem k\u1ef9 c\u00e1c \u0111i\u1ec1u kho\u1ea3n b\u1ea3o h\u00e0nh trong h\u1ee3p \u0111\u1ed3ng v\u00e0 c\u00f3 th\u1ec3 th\u1ecfa thu\u1eadn th\u00eam v\u1edbi ch\u1ee7 \u0111\u1ea7u t\u01b0 v\u1ec1 c\u00e1c \u0111i\u1ec1u kho\u1ea3n ph\u00f9 h\u1ee3p.<\/p><\/div><\/div><\/div><div data-element_type=\"container\"><div><div data-element_type=\"widget\" data-widget_type=\"heading.default\"><h2><strong>Ch\u00ednh s\u00e1ch \u0111\u1ed5i tr\u1ea3<\/strong><\/h2><\/div><\/div><\/div><div data-element_type=\"container\"><div><div data-element_type=\"widget\" data-widget_type=\"text-editor.default\"><p>Vi\u1ec7c \u0111\u1ed5i tr\u1ea3 B\u0110S t\u1ea1i globalcitymasterise.vn \u0111\u01b0\u1ee3c th\u1ef1c hi\u1ec7n theo th\u1ecfa thu\u1eadn trong h\u1ee3p \u0111\u1ed3ng mua b\u00e1n gi\u1eefa ng\u01b0\u1eddi mua v\u00e0 ch\u1ee7 \u0111\u1ea7u t\u01b0. L\u00e0 \u0111\u1ea1i l\u00fd m\u00f4i gi\u1edbi, ch\u00fang t\u00f4i:<\/p><ul><li aria-level=\"1\">H\u1ed7 tr\u1ee3 t\u01b0 v\u1ea5n th\u1ee7 t\u1ee5c \u0111\u1ed5i tr\u1ea3 ho\u1eb7c ho\u00e0n ti\u1ec1n n\u1ebfu ph\u00e1t sinh v\u1ea5n \u0111\u1ec1.<\/li><li aria-level=\"1\">Cung c\u1ea5p th\u00f4ng tin li\u00ean quan \u0111\u1ebfn ng\u01b0\u1eddi mua ho\u1eb7c ch\u1ee7 \u0111\u1ea7u t\u01b0 khi c\u00f3 y\u00eau c\u1ea7u t\u1eeb hai b\u00ean ho\u1eb7c c\u01a1 quan c\u00f3 th\u1ea9m quy\u1ec1n.<\/li><li aria-level=\"1\">H\u1ed7 tr\u1ee3 m\u1ed9t ph\u1ea7n tr\u00e1ch nhi\u1ec7m n\u1ebfu l\u1ed7i thu\u1ed9c v\u1ec1 ch\u1ee7 \u0111\u1ea7u t\u01b0 do ch\u00fang t\u00f4i gi\u1edbi thi\u1ec7u, t\u00f9y theo th\u1ecfa thu\u1eadn v\u1edbi ng\u01b0\u1eddi mua.<\/li><\/ul><\/div><div data-element_type=\"widget\" data-widget_type=\"text-editor.default\"><p><b>Khuy\u1ebfn ngh\u1ecb<\/b>: Ng\u01b0\u1eddi mua n\u00ean \u0111\u1ecdc k\u1ef9 c\u00e1c \u0111i\u1ec1u kho\u1ea3n \u0111\u1ed5i tr\u1ea3 trong h\u1ee3p \u0111\u1ed3ng tr\u01b0\u1edbc khi k\u00fd k\u1ebft \u0111\u1ec3 tr\u00e1nh m\u00e2u thu\u1eabn v\u1ec1 sau.<\/p><\/div><\/div><\/div><div data-element_type=\"container\"><div><div data-element_type=\"widget\" data-widget_type=\"heading.default\"><h2><strong>Ch\u00ednh s\u00e1ch thanh to\u00e1n<\/strong><\/h2><\/div><\/div><\/div><div data-element_type=\"container\"><div><div data-element_type=\"widget\" data-widget_type=\"text-editor.default\"><p>Website globalcitymasterise.vn cung c\u1ea5p th\u00f4ng tin chi ti\u1ebft v\u00e0 c\u1eadp nh\u1eadt c\u00e1c tin t\u1ee9c v\u1ec1 bi\u1ebfn \u0111\u1ed9ng th\u1ecb tr\u01b0\u1eddng \u1ea3nh h\u01b0\u1edfng \u0111\u1ebfn gi\u00e1 b\u00e1n, ti\u1ec1m n\u0103ng d\u1ef1 \u00e1n Vinhomes Green Paradise. C\u00e1c giao d\u1ecbch thanh to\u00e1n \u0111\u01b0\u1ee3c th\u1ef1c hi\u1ec7n tr\u1ef1c ti\u1ebfp gi\u1eefa ng\u01b0\u1eddi mua v\u00e0 ch\u1ee7 \u0111\u1ea7u t\u01b0, kh\u00f4ng qua website. Ch\u00fang t\u00f4i h\u1ed7 tr\u1ee3:<\/p><ul><li aria-level=\"1\">T\u01b0 v\u1ea5n v\u1ec1 gi\u00e1 c\u1ea3, th\u1ee7 t\u1ee5c thanh to\u00e1n, v\u00e0 vay v\u1ed1n (n\u1ebfu c\u1ea7n).<\/li><li aria-level=\"1\">H\u1ed7 tr\u1ee3 l\u00e0m h\u1ee3p \u0111\u1ed3ng mua b\u00e1n, \u0111\u1ea3m b\u1ea3o quy tr\u00ecnh nhanh ch\u00f3ng v\u00e0 minh b\u1ea1ch.<\/li><\/ul><\/div><div data-element_type=\"widget\" data-widget_type=\"text-editor.default\"><p><b>L\u01b0u \u00fd<\/b>: Ng\u01b0\u1eddi mua n\u00ean y\u00eau c\u1ea7u c\u00e1c ch\u1ee9ng t\u1eeb li\u00ean quan \u0111\u1ec3 \u0111\u1ea3m b\u1ea3o t\u00ednh minh b\u1ea1ch trong giao d\u1ecbch.<\/p><\/div><\/div><\/div><div data-element_type=\"container\"><div><div data-element_type=\"widget\" data-widget_type=\"heading.default\"><h2><strong>Li\u00ean h\u1ec7 v\u1edbi ch\u00fang t\u00f4i<\/strong><\/h2><\/div><\/div><\/div><div data-element_type=\"container\"><div><div data-element_type=\"widget\" data-widget_type=\"text-editor.default\"><p>N\u1ebfu qu\u00fd kh\u00e1ch c\u00f3 b\u1ea5t k\u1ef3 c\u00e2u h\u1ecfi, ho\u1eb7c \u00fd ki\u1ebfn n\u00e0o v\u1ec1 quy ch\u1ebf ho\u1ea1t \u0111\u1ed9ng t\u1ea1i globalcitymasterise.vn, vui l\u00f2ng li\u00ean h\u1ec7:<\/p><ul><li aria-level=\"1\"><strong>Website:<\/strong> globalcitymasterise.vn<\/li><li aria-level=\"1\"><strong>\uc774\uba54\uc77c:<\/strong> cskh@globalcitymasterise.vn<\/li><li aria-level=\"1\"><strong>Hotline:<\/strong> 0778 000 678<\/li><li aria-level=\"1\"><strong>\ud504\ub85c\uc81d\ud2b8 \uc8fc\uc18c:<\/strong> The Global City, \ub3c4\uc464\uc5b8\ud569(Do Xuan Hop) \uac70\ub9ac, \ube48\ucb5d(Binh Trung) \ub3d9,\n\ubca0\ud2b8\ub0a8 \ud638\ucc0c\ubbfc\uc2dc<\/li><li aria-level=\"1\"><strong>\u0110\u1ecba ch\u1ec9 v\u0103n ph\u00f2ng:<\/strong> M1-35 \ub354 \ub9e8\ud574\ud2bc(The Manhattan), Vinhomes Grand Park,\n\ub871\ube48(Long Binh) \ub3d9, \ubca0\ud2b8\ub0a8 \ud638\ucc0c\ubbfc\uc2dc<\/li><\/ul><\/div><\/div><\/div>\t\t\t\t\t\t\t\t<\/div>\n\t\t\t\t\t<\/div>\n\t\t\t\t<\/div>\n\t\t\t\t<\/div>","protected":false},"excerpt":{"rendered":"<p>QUY CH\u1ebe HO\u1ea0T \u0110\u1ed8NG Gi\u1edbi thi\u1ec7u Ch\u00e0o m\u1eebng b\u1ea1n \u0111\u1ebfn v\u1edbi globalcitymasterise.vn, trang th\u00f4ng tin ch\u00ednh th\u1ee9c c\u1ee7a ph\u00e2n khu Park Place t\u1ea1i The Global City do ch\u1ee7 \u0111\u1ea7u t\u01b0 Masterise Homes ph\u00e1t tri\u1ec3n. globalcitymasterise.vn l\u00e0 n\u01a1i cung c\u1ea5p th\u00f4ng tin chi ti\u1ebft v\u1ec1 d\u1ef1 \u00e1n, t\u1eeb quy ho\u1ea1ch, ti\u1ec7n \u00edch, ch\u00ednh s\u00e1ch b\u00e1n h\u00e0ng, [&hellip;]<\/p>\n","protected":false},"author":1,"featured_media":0,"parent":0,"menu_order":0,"comment_status":"closed","ping_status":"closed","template":"elementor_header_footer","meta":{"footnotes":""},"class_list":["post-784","page","type-page","status-publish","hentry"],"_links":{"self":[{"href":"https:\/\/globalcitymasterise.vn\/ko\/wp-json\/wp\/v2\/pages\/784","targetHints":{"allow":["GET"]}}],"collection":[{"href":"https:\/\/globalcitymasterise.vn\/ko\/wp-json\/wp\/v2\/pages"}],"about":[{"href":"https:\/\/globalcitymasterise.vn\/ko\/wp-json\/wp\/v2\/types\/page"}],"author":[{"embeddable":true,"href":"https:\/\/globalcitymasterise.vn\/ko\/wp-json\/wp\/v2\/users\/1"}],"replies":[{"embeddable":true,"href":"https:\/\/globalcitymasterise.vn\/ko\/wp-json\/wp\/v2\/comments?post=784"}],"version-history":[{"count":3,"href":"https:\/\/globalcitymasterise.vn\/ko\/wp-json\/wp\/v2\/pages\/784\/revisions"}],"predecessor-version":[{"id":1271,"href":"https:\/\/globalcitymasterise.vn\/ko\/wp-json\/wp\/v2\/pages\/784\/revisions\/1271"}],"wp:attachment":[{"href":"https:\/\/globalcitymasterise.vn\/ko\/wp-json\/wp\/v2\/media?parent=784"}],"curies":[{"name":"wp","href":"https:\/\/api.w.org\/{rel}","templated":true}]}}