{"id":3,"date":"2025-12-24T03:50:33","date_gmt":"2025-12-24T03:50:33","guid":{"rendered":"https:\/\/globalcitymasterise.vn\/?page_id=3"},"modified":"2026-01-20T14:03:57","modified_gmt":"2026-01-20T07:03:57","slug":"chinh-sach-bao-mat","status":"publish","type":"page","link":"https:\/\/globalcitymasterise.vn\/ko\/chinh-sach-bao-mat\/","title":{"rendered":"\uac1c\uc778\uc815\ubcf4 \ucc98\ub9ac\ubc29\uce68"},"content":{"rendered":"<div data-elementor-type=\"wp-page\" data-elementor-id=\"3\" class=\"elementor elementor-3\" data-elementor-post-type=\"page\">\n\t\t\t\t<div class=\"elementor-element elementor-element-65278dff e-flex e-con-boxed e-con e-parent\" data-id=\"65278dff\" data-element_type=\"container\" data-e-type=\"container\">\n\t\t\t\t\t<div class=\"e-con-inner\">\n\t\t\t\t<div class=\"elementor-element elementor-element-8506b38 elementor-widget elementor-widget-heading\" data-id=\"8506b38\" data-element_type=\"widget\" data-e-type=\"widget\" data-widget_type=\"heading.default\">\n\t\t\t\t\t<h1 class=\"elementor-heading-title elementor-size-default\">CH\u00cdNH S\u00c1CH B\u1ea2O M\u1eacT<\/h1>\t\t\t\t<\/div>\n\t\t\t\t<div class=\"elementor-element elementor-element-7564d99c elementor-widget elementor-widget-text-editor\" data-id=\"7564d99c\" data-element_type=\"widget\" data-e-type=\"widget\" data-widget_type=\"text-editor.default\">\n\t\t\t\t\t\t\t\t\t\n<p>Ch\u00ednh s\u00e1ch b\u1ea3o m\u1eadt t\u1ea1i website globalcitymasterise.vn<\/p>\n<h2 class=\"wp-block-heading\"><strong>I. M\u1ee5c \u0111\u00edch v\u00e0 ph\u1ea1m vi thu th\u1eadp<\/strong><\/h2>\n<p>Trang web (\u201cch\u00fang t\u00f4i\u201d) cam k\u1ebft b\u1ea3o v\u1ec7 quy\u1ec1n ri\u00eang t\u01b0 v\u00e0 d\u1eef li\u1ec7u c\u00e1 nh\u00e2n c\u1ee7a ng\u01b0\u1eddi d\u00f9ng tr\u00ean website globalcitymasterise.vn. Vi\u1ec7c thu th\u1eadp d\u1eef li\u1ec7u c\u00e1 nh\u00e2n \u0111\u01b0\u1ee3c th\u1ef1c hi\u1ec7n nh\u1eb1m m\u1ee5c \u0111\u00edch li\u00ean l\u1ea1c v\u00e0 h\u1ed7 tr\u1ee3 t\u01b0 v\u1ea5n khi kh\u00e1ch h\u00e0ng \u0111\u0103ng k\u00fd s\u1eed d\u1ee5ng d\u1ecbch v\u1ee5 c\u1ee7a ch\u00fang t\u00f4i<\/p>\n<p>D\u1eef li\u1ec7u thu th\u1eadp tr\u00ean website bao g\u1ed3m: H\u1ecd v\u00e0 t\u00ean ng\u01b0\u1eddi d\u00f9ng, s\u1ed1 \u0111i\u1ec7n tho\u1ea1i, \u0111\u1ecba ch\u1ec9 email. Ch\u00fang t\u00f4i c\u0169ng c\u00f3 th\u1ec3 thu th\u1eadp th\u00f4ng tin v\u1ec1 c\u00e1ch th\u1ee9c ng\u01b0\u1eddi d\u00f9ng t\u01b0\u01a1ng t\u00e1c v\u1edbi website, bao g\u1ed3m s\u1ed1 l\u1ea7n truy c\u1eadp, s\u1ed1 l\u1ea7n trang xem, v\u00e0 ho\u1ea1t \u0111\u1ed9ng click.<\/p>\n<p>Kh\u00e1ch h\u00e0ng s\u1ebd t\u1ef1 ch\u1ecbu tr\u00e1ch nhi\u1ec7m v\u1ec1 b\u1ea3o m\u1eadt v\u00e0 l\u01b0u gi\u1eef m\u1ecdi ho\u1ea1t \u0111\u1ed9ng d\u1ecbch v\u1ee5 d\u01b0\u1edbi t\u00ean \u0111\u0103ng k\u00fd, m\u1eadt kh\u1ea9u v\u00e0 h\u1ed9p th\u01b0 \u0111i\u1ec7n t\u1eed c\u1ee7a m\u00ecnh.<\/p>\n<h2><strong>II. Ph\u1ea1m vi s\u1eed d\u1ee5ng th\u00f4ng tin<\/strong><\/h2>\n<p>Th\u00f4ng tin kh\u00e1ch h\u00e0ng cung c\u1ea5p s\u1ebd \u0111\u01b0\u1ee3c ch\u00fang t\u00f4i s\u1eed d\u1ee5ng \u0111\u1ec3:<\/p>\n<p>\u2013 Cung c\u1ea5p d\u1ecbch v\u1ee5 t\u01b0 v\u1ea5n b\u1ea5t \u0111\u1ed9ng s\u1ea3n.<br \/>\u2013 Giao gi\u1ea5y t\u1edd h\u1ee3p \u0111\u1ed3ng v\u00e0 h\u00f3a \u0111\u01a1n.<br \/>\u2013 G\u1eedi email th\u00f4ng tin v\u00e0 ki\u1ebfn th\u1ee9c b\u1ea5t \u0111\u1ed9ng s\u1ea3n.<br \/>\u2013 Li\u00ean l\u1ea1c v\u00e0 gi\u1ea3i quy\u1ebft c\u00e1c tr\u01b0\u1eddng h\u1ee3p \u0111\u1eb7c bi\u1ec7t.<\/p>\n<p>Th\u00f4ng tin c\u00e1 nh\u00e2n s\u1ebd kh\u00f4ng \u0111\u01b0\u1ee3c s\u1eed d\u1ee5ng cho m\u1ee5c \u0111\u00edch kh\u00e1c m\u00e0 kh\u00f4ng c\u00f3 s\u1ef1 \u0111\u1ed3ng \u00fd c\u1ee7a kh\u00e1ch h\u00e0ng.<\/p>\n<h2><strong>III. Th\u1eddi gian l\u01b0u tr\u1eef th\u00f4ng tin<\/strong><\/h2>\n<ul>\n<li>D\u1eef li\u1ec7u Qu\u00fd kh\u00e1ch \u0111\u01b0\u1ee3c gi\u1eef l\u1ea1i trong kho\u1ea3ng th\u1eddi gian t\u1ed1i thi\u1ec3u c\u1ea7n thi\u1ebft \u0111\u1ec3 ho\u00e0n th\u00e0nh m\u1ee5c \u0111\u00edch thu th\u1eadp \u2014 nh\u01b0 x\u1eed l\u00fd giao d\u1ecbch, ph\u1ee5c v\u1ee5 h\u1ed7 tr\u1ee3, hay theo quy \u0111\u1ecbnh l\u01b0u tr\u1eef ph\u00e1p l\u00fd.<\/li>\n<li>Sau th\u1eddi h\u1ea1n n\u00e0y, ch\u00fang t\u00f4i s\u1ebd ti\u1ebfn h\u00e0nh x\u00f3a ho\u1eb7c \u1ea9n danh h\u00f3a d\u1eef li\u1ec7u m\u1ed9t c\u00e1ch an to\u00e0n v\u00e0 minh b\u1ea1ch.<\/li>\n<\/ul>\n<p>\u00a0<\/p>\n<h2><strong>IV. Li\u00ean h\u1ec7 v\u1edbi ch\u00fang t\u00f4i<\/strong><\/h2>\n<p>N\u1ebfu b\u1ea1n c\u1ea7n h\u1ed7 tr\u1ee3 ho\u1eb7c c\u00f3 th\u1eafc m\u1eafc, vui l\u00f2ng li\u00ean h\u1ec7:<\/p>\n<ul>\n<li aria-level=\"1\"><b>T\u00ean \u0111\u1ea1i l\u00fd:<\/b> C\u00d4NG TY TNHH \u0110\u1ea6U T\u01af V\u00c0 PH\u00c1T TRI\u1ec2N \u0110\u1ecaA \u1ed0C MINH T\u00c2M<\/li>\n<li aria-level=\"1\"><b>Vai tr\u00f2:<\/b> \u0110\u01a1n v\u1ecb ph\u00e2n ph\u1ed1i<\/li>\n<li aria-level=\"1\"><b>\u0110\u1ecba ch\u1ec9 \u0111\u0103ng k\u00fd kinh doanh:<\/b> M1-35 \ub354 \ub9e8\ud574\ud2bc(The Manhattan), Vinhomes Grand Park,\n\ub871\ube48(Long Binh) \ub3d9, \ubca0\ud2b8\ub0a8 \ud638\ucc0c\ubbfc\uc2dc<\/li>\n<li aria-level=\"1\"><b>M\u00e3 s\u1ed1 thu\u1ebf:<\/b> 0316830947<\/li>\n<li aria-level=\"1\"><b>Th\u1eddi gian l\u00e0m vi\u1ec7c<\/b>: Th\u1ee9 2 \u2013 Th\u1ee9 7 (08:30\u201317:30)<\/li>\n<\/ul>\n<p>\u00a0<\/p>\n<p>Ch\u00fang t\u00f4i s\u1eed d\u1ee5ng th\u00f4ng tin c\u00e1 nh\u00e2n m\u00e0 kh\u00e1ch h\u00e0ng cung c\u1ea5p ch\u1ec9 cho m\u1ee5c \u0111\u00edch \u0111\u00e3 \u0111\u01b0\u1ee3c th\u00f4ng b\u00e1o, kh\u00f4ng chuy\u1ec3n giao ho\u1eb7c b\u00e1n th\u00f4ng tin cho b\u00ean th\u1ee9 ba m\u00e0 kh\u00f4ng c\u00f3 s\u1ef1 \u0111\u1ed3ng \u00fd c\u1ee7a kh\u00e1ch h\u00e0ng. M\u1ecdi quy \u0111\u1ecbnh v\u00e0 c\u00e1ch th\u1ee9c s\u1eed d\u1ee5ng th\u00f4ng tin c\u00e1 nh\u00e2n \u0111\u1ec1u minh b\u1ea1ch v\u00e0 c\u00f4ng b\u1eb1ng.<\/p>\n<h2><strong>V. Quy\u1ec1n c\u1ee7a ng\u01b0\u1eddi d\u00f9ng trong vi\u1ec7c qu\u1ea3n l\u00fd th\u00f4ng tin c\u00e1 nh\u00e2n<\/strong><\/h2>\n<p>Kh\u00e1ch h\u00e0ng c\u00f3 quy\u1ec1n ki\u1ec3m tra, c\u1eadp nh\u1eadt, \u0111i\u1ec1u ch\u1ec9nh ho\u1eb7c h\u1ee7y th\u00f4ng tin c\u00e1 nh\u00e2n c\u1ee7a m\u00ecnh. \u0110\u1ec3 th\u1ef1c hi\u1ec7n, kh\u00e1ch h\u00e0ng c\u00f3 th\u1ec3 \u0111\u0103ng nh\u1eadp v\u00e0o t\u00e0i kho\u1ea3n c\u1ee7a m\u00ecnh ho\u1eb7c li\u00ean h\u1ec7 v\u1edbi ch\u00fang t\u00f4i qua email.<\/p>\n<p>Email h\u1ed7 tr\u1ee3 v\u00e0 khi\u1ebfu n\u1ea1i: cskh@globalcitymasterise.vn<\/p>\n<h2><strong>VI. Cam k\u1ebft b\u1ea3o m\u1eadt th\u00f4ng tin c\u00e1 nh\u00e2n<\/strong><\/h2>\n<p>Th\u00f4ng tin c\u00e1 nh\u00e2n c\u1ee7a ng\u01b0\u1eddi d\u00f9ng tr\u00ean website s\u1ebd \u0111\u01b0\u1ee3c ch\u00fang t\u00f4i cam k\u1ebft b\u1ea3o m\u1eadt tuy\u1ec7t \u0111\u1ed1i theo ch\u00ednh s\u00e1ch b\u1ea3o m\u1eadt c\u1ee7a ch\u00fang t\u00f4i. Vi\u1ec7c thu th\u1eadp v\u00e0 s\u1eed d\u1ee5ng th\u00f4ng tin c\u1ee7a ng\u01b0\u1eddi d\u00f9ng ch\u1ec9 \u0111\u01b0\u1ee3c th\u1ef1c hi\u1ec7n khi c\u00f3 s\u1ef1 \u0111\u1ed3ng \u00fd c\u1ee7a ng\u01b0\u1eddi d\u00f9ng \u0111\u00f3, tr\u1eeb nh\u1eefng tr\u01b0\u1eddng h\u1ee3p ph\u00e1p lu\u1eadt c\u00f3 quy \u0111\u1ecbnh kh\u00e1c.<\/p>\n<p>Ch\u00fang t\u00f4i kh\u00f4ng s\u1eed d\u1ee5ng, kh\u00f4ng chuy\u1ec3n giao, cung c\u1ea5p hay ti\u1ebfp l\u1ed9 cho \u0111\u01a1n v\u1ecb th\u1ee9 3 n\u00e0o v\u1ec1 th\u00f4ng tin c\u1ee7a ng\u01b0\u1eddi d\u00f9ng khi kh\u00f4ng c\u00f3 s\u1ef1 cho ph\u00e9p t\u1eeb ng\u01b0\u1eddi d\u00f9ng.<\/p>\n<p>Ch\u00fang t\u00f4i s\u1ebd cung c\u1ea5p 1 s\u1ed1 th\u00f4ng tin nh\u01b0 t\u00ean, \u0111\u1ecba ch\u1ec9, s\u1ed1 \u0111i\u1ec7n tho\u1ea1i cho b\u00ean d\u1ecbch v\u1ee5 v\u1eadn chuy\u1ec3n khi s\u1eed d\u1ee5ng d\u1ecbch v\u1ee5 giao nh\u1eadn v\u1eadn chuy\u1ec3n h\u1ee3p \u0111\u1ed3ng, h\u00f3a \u0111\u01a1n giao d\u1ecbch cho kh\u00e1ch h\u00e0ng.<\/p>\n<p>Trong tr\u01b0\u1eddng h\u1ee3p m\u00e1y ch\u1ee7 l\u01b0u tr\u1eef c\u1ee7a ch\u00fang t\u00f4i b\u1ecb hacker t\u1ea5n c\u00f4ng d\u1eabn \u0111\u1ebfn vi\u1ec7c m\u1ea5t th\u00f4ng tin kh\u00e1ch h\u00e0ng, ch\u00fang t\u00f4i s\u1ebd c\u00f3 tr\u00e1ch nhi\u1ec7m th\u00f4ng b\u00e1o v\u1ee5 vi\u1ec7c cho c\u01a1 quan ch\u1ee9c n\u0103ng v\u00e0 th\u00f4ng b\u00e1o cho kh\u00e1ch h\u00e0ng \u0111\u01b0\u1ee3c bi\u1ebft.<\/p>\n<p><i>Ch\u00ednh s\u00e1ch n\u00e0y c\u00f3 th\u1ec3 \u0111\u01b0\u1ee3c c\u1eadp nh\u1eadt khi c\u1ea7n thi\u1ebft \u0111\u1ec3 tu\u00e2n th\u1ee7 quy \u0111\u1ecbnh ph\u00e1p lu\u1eadt ho\u1eb7c n\u00e2ng cao tr\u1ea3i nghi\u1ec7m kh\u00e1ch h\u00e0ng. M\u1ecdi s\u1eeda \u0111\u1ed5i s\u1ebd \u0111\u01b0\u1ee3c c\u00f4ng b\u1ed1 tr\u00ean website v\u00e0 c\u00f3 hi\u1ec7u l\u1ef1c sau\u00a0<\/i><b><i>5 ng\u00e0y k\u1ec3 t\u1eeb ng\u00e0y \u0111\u0103ng t\u1ea3i<\/i><\/b><i>.<\/i><\/p>\t\t\t\t\t\t\t\t<\/div>\n\t\t\t\t\t<\/div>\n\t\t\t\t<\/div>\n\t\t\t\t<\/div>","protected":false},"excerpt":{"rendered":"<p>CH\u00cdNH S\u00c1CH B\u1ea2O M\u1eacT Ch\u00ednh s\u00e1ch b\u1ea3o m\u1eadt t\u1ea1i website globalcitymasterise.vn I. M\u1ee5c \u0111\u00edch v\u00e0 ph\u1ea1m vi thu th\u1eadp Trang web (\u201cch\u00fang t\u00f4i\u201d) cam k\u1ebft b\u1ea3o v\u1ec7 quy\u1ec1n ri\u00eang t\u01b0 v\u00e0 d\u1eef li\u1ec7u c\u00e1 nh\u00e2n c\u1ee7a ng\u01b0\u1eddi d\u00f9ng tr\u00ean website globalcitymasterise.vn. Vi\u1ec7c thu th\u1eadp d\u1eef li\u1ec7u c\u00e1 nh\u00e2n \u0111\u01b0\u1ee3c th\u1ef1c hi\u1ec7n nh\u1eb1m m\u1ee5c \u0111\u00edch li\u00ean [&hellip;]<\/p>\n","protected":false},"author":1,"featured_media":0,"parent":0,"menu_order":0,"comment_status":"closed","ping_status":"open","template":"elementor_header_footer","meta":{"footnotes":""},"class_list":["post-3","page","type-page","status-publish","hentry"],"_links":{"self":[{"href":"https:\/\/globalcitymasterise.vn\/ko\/wp-json\/wp\/v2\/pages\/3","targetHints":{"allow":["GET"]}}],"collection":[{"href":"https:\/\/globalcitymasterise.vn\/ko\/wp-json\/wp\/v2\/pages"}],"about":[{"href":"https:\/\/globalcitymasterise.vn\/ko\/wp-json\/wp\/v2\/types\/page"}],"author":[{"embeddable":true,"href":"https:\/\/globalcitymasterise.vn\/ko\/wp-json\/wp\/v2\/users\/1"}],"replies":[{"embeddable":true,"href":"https:\/\/globalcitymasterise.vn\/ko\/wp-json\/wp\/v2\/comments?post=3"}],"version-history":[{"count":3,"href":"https:\/\/globalcitymasterise.vn\/ko\/wp-json\/wp\/v2\/pages\/3\/revisions"}],"predecessor-version":[{"id":1268,"href":"https:\/\/globalcitymasterise.vn\/ko\/wp-json\/wp\/v2\/pages\/3\/revisions\/1268"}],"wp:attachment":[{"href":"https:\/\/globalcitymasterise.vn\/ko\/wp-json\/wp\/v2\/media?parent=3"}],"curies":[{"name":"wp","href":"https:\/\/api.w.org\/{rel}","templated":true}]}}