{"id":116,"date":"2025-12-27T16:18:26","date_gmt":"2025-12-27T09:18:26","guid":{"rendered":"https:\/\/globalcitymasterise.vn\/?page_id=116"},"modified":"2026-01-20T14:04:41","modified_gmt":"2026-01-20T07:04:41","slug":"dieu-khoan-su-dung","status":"publish","type":"page","link":"https:\/\/globalcitymasterise.vn\/en\/dieu-khoan-su-dung\/","title":{"rendered":"Terms &amp; Conditions"},"content":{"rendered":"\t\t<div data-elementor-type=\"wp-page\" data-elementor-id=\"116\" class=\"elementor elementor-116\" data-elementor-post-type=\"page\">\n\t\t\t\t<div class=\"elementor-element elementor-element-572edcf e-flex e-con-boxed e-con e-parent\" data-id=\"572edcf\" data-element_type=\"container\" data-e-type=\"container\">\n\t\t\t\t\t<div class=\"e-con-inner\">\n\t\t\t\t<div class=\"elementor-element elementor-element-237a51a elementor-widget elementor-widget-heading\" data-id=\"237a51a\" data-element_type=\"widget\" data-e-type=\"widget\" data-widget_type=\"heading.default\">\n\t\t\t\t\t<h1 class=\"elementor-heading-title elementor-size-default\">\u0110I\u1ec0U KHO\u1ea2N S\u1eec D\u1ee4NG<\/h1>\t\t\t\t<\/div>\n\t\t\t\t<div class=\"elementor-element elementor-element-a359f3a elementor-widget elementor-widget-text-editor\" data-id=\"a359f3a\" data-element_type=\"widget\" data-e-type=\"widget\" data-widget_type=\"text-editor.default\">\n\t\t\t\t\t\t\t\t\t<p>Ch\u00e0o m\u1eebng Qu\u00fd kh\u00e1ch \u0111\u1ebfn v\u1edbi globalcitymasterise.vn<\/p><p>Tr\u01b0\u1edbc khi truy c\u1eadp v\u00e0 s\u1eed d\u1ee5ng, vui l\u00f2ng \u0111\u1ecdc k\u1ef9 c\u00e1c \u0110i\u1ec1u kho\u1ea3n v\u00e0 \u0110i\u1ec1u ki\u1ec7n s\u1eed d\u1ee5ng (sau \u0111\u00e2y g\u1ecdi l\u00e0 \u201c\u0110i\u1ec1u kho\u1ea3n\u201d). B\u1eb1ng vi\u1ec7c ti\u1ebfp t\u1ee5c s\u1eed d\u1ee5ng Website, Qu\u00fd kh\u00e1ch \u0111\u1ed3ng ngh\u0129a v\u1edbi vi\u1ec7c \u0111\u00e3 \u0111\u1ecdc, hi\u1ec3u v\u00e0 ch\u1ea5p nh\u1eadn tu\u00e2n th\u1ee7 to\u00e0n b\u1ed9 \u0110i\u1ec1u kho\u1ea3n d\u01b0\u1edbi \u0111\u00e2y. N\u1ebfu kh\u00f4ng \u0111\u1ed3ng \u00fd, xin vui l\u00f2ng ng\u1eebng s\u1eed d\u1ee5ng Website.<\/p><h2><strong>\u0110i\u1ec1u 1: Quy \u0111\u1ecbnh chung<\/strong><\/h2><p>1.1. Website globalcitymasterise.vn (sau \u0111\u00e2y g\u1ecdi l\u00e0 \u201cWebsite\u201d) \u0111\u01b0\u1ee3c qu\u1ea3n l\u00fd v\u00e0 v\u1eadn h\u00e0nh b\u1edfi <strong>C\u00d4NG TY TNHH \u0110\u1ea6U T\u01af V\u00c0 PH\u00c1T TRI\u1ec2N \u0110\u1ecaA \u1ed0C MINH T\u00c2M,<\/strong> website n\u00e0y \u0111\u0103ng t\u1ea3i th\u00f4ng tin v\u1ec1 d\u1ef1 \u00e1n The Global City ph\u00e2n khu Masteri Park Place.<\/p><p>1.2. \u201cNg\u01b0\u1eddi s\u1eed d\u1ee5ng\u201d ho\u1eb7c \u201cQu\u00fd kh\u00e1ch\u201d: L\u00e0 b\u1ea5t k\u1ef3 c\u00e1 nh\u00e2n\/t\u1ed5 ch\u1ee9c n\u00e0o truy c\u1eadp v\u00e0 khai th\u00e1c th\u00f4ng tin, d\u1ecbch v\u1ee5 \u0111\u01b0\u1ee3c cung c\u1ea5p tr\u00ean Website.<\/p><p>1.3. Khi s\u1eed d\u1ee5ng Website, Ng\u01b0\u1eddi s\u1eed d\u1ee5ng m\u1eb7c nhi\u00ean x\u00e1c nh\u1eadn \u0111\u00e3 hi\u1ec3u, \u0111\u1ed3ng \u00fd v\u00e0 cam k\u1ebft tu\u00e2n th\u1ee7 to\u00e0n b\u1ed9 \u0110i\u1ec1u kho\u1ea3n n\u00e0y.<\/p><h2><strong>\u0110i\u1ec1u 2: Quy\u1ec1n s\u1edf h\u1eefu tr\u00ed tu\u1ec7<\/strong><\/h2><p>2.1. To\u00e0n b\u1ed9 n\u1ed9i dung tr\u00ean Website (bao g\u1ed3m v\u0103n b\u1ea3n, h\u00ecnh \u1ea3nh, video, thi\u1ebft k\u1ebf, logo, t\u00e0i li\u1ec7u\u2026) thu\u1ed9c quy\u1ec1n s\u1edf h\u1eefu h\u1ee3p ph\u00e1p c\u1ee7a ch\u00fang t\u00f4i ho\u1eb7c c\u00e1c \u0111\u1ed1i t\u00e1c li\u00ean quan.<\/p><p>2.2. M\u1ecdi h\u00e0nh vi sao ch\u00e9p, ch\u1ec9nh s\u1eeda, ph\u00e2n ph\u1ed1i, ph\u00e1t h\u00e0nh\u2026 v\u1edbi b\u1ea5t k\u1ef3 m\u1ee5c \u0111\u00edch n\u00e0o m\u00e0 ch\u01b0a c\u00f3 s\u1ef1 \u0111\u1ed3ng \u00fd b\u1eb1ng v\u0103n b\u1ea3n c\u1ee7a ch\u00fang t\u00f4i \u0111\u1ec1u \u0111\u01b0\u1ee3c xem l\u00e0 vi ph\u1ea1m quy\u1ec1n s\u1edf h\u1eefu tr\u00ed tu\u1ec7 v\u00e0 s\u1ebd b\u1ecb x\u1eed l\u00fd theo ph\u00e1p lu\u1eadt.<\/p><h2><strong>\u0110i\u1ec1u 3: M\u1ee5c \u0111\u00edch v\u00e0 ph\u1ea1m vi s\u1eed d\u1ee5ng th\u00f4ng tin<\/strong><\/h2><p>3.1. Th\u00f4ng tin tr\u00ean Website (d\u1ef1 \u00e1n, gi\u00e1 b\u00e1n, m\u1eb7t b\u1eb1ng, ch\u00ednh s\u00e1ch, b\u00e0i vi\u1ebft\u2026)\u00a0<strong>ch\u1ec9 mang t\u00ednh ch\u1ea5t tham kh\u1ea3o<\/strong>. Ch\u00fang t\u00f4i lu\u00f4n n\u1ed7 l\u1ef1c \u0111\u1ea3m b\u1ea3o \u0111\u1ed9 ch\u00ednh x\u00e1c v\u00e0 c\u1eadp nh\u1eadt, tuy nhi\u00ean n\u1ed9i dung c\u00f3 th\u1ec3 thay \u0111\u1ed5i theo quy\u1ebft \u0111\u1ecbnh c\u1ee7a Ch\u1ee7 \u0111\u1ea7u t\u01b0 ho\u1eb7c c\u01a1 quan c\u00f3 th\u1ea9m quy\u1ec1n m\u00e0 kh\u00f4ng c\u1ea7n th\u00f4ng b\u00e1o tr\u01b0\u1edbc.<\/p><p>3.2. Ch\u00fang t\u00f4i\u00a0<strong>kh\u00f4ng ch\u1ecbu tr\u00e1ch nhi\u1ec7m<\/strong>\u00a0\u0111\u1ed1i v\u1edbi b\u1ea5t k\u1ef3 thi\u1ec7t h\u1ea1i n\u00e0o ph\u00e1t sinh t\u1eeb vi\u1ec7c Ng\u01b0\u1eddi s\u1eed d\u1ee5ng d\u1ef1a v\u00e0o th\u00f4ng tin tr\u00ean Website \u0111\u1ec3 \u0111\u01b0a ra quy\u1ebft \u0111\u1ecbnh (nh\u01b0 \u0111\u1ea7u t\u01b0, mua b\u00e1n\u2026). \u0110\u1ec3 c\u00f3 d\u1eef li\u1ec7u ch\u00ednh x\u00e1c nh\u1ea5t, vui l\u00f2ng li\u00ean h\u1ec7 tr\u1ef1c ti\u1ebfp v\u1edbi \u0111\u1ed9i ng\u0169 t\u01b0 v\u1ea5n c\u1ee7a ch\u00fang t\u00f4i ho\u1eb7c Ch\u1ee7 \u0111\u1ea7u t\u01b0.<\/p><h2><strong>\u0110i\u1ec1u 4: Quy\u1ec1n v\u00e0 tr\u00e1ch nhi\u1ec7m c\u1ee7a Ng\u01b0\u1eddi s\u1eed d\u1ee5ng<\/strong><\/h2><h3>4.1. Quy\u1ec1n c\u1ee7a Ng\u01b0\u1eddi s\u1eed d\u1ee5ng<\/h3><ul><li>\u0110\u01b0\u1ee3c truy c\u1eadp v\u00e0 s\u1eed d\u1ee5ng th\u00f4ng tin, d\u1ecbch v\u1ee5 tr\u00ean Website cho m\u1ee5c \u0111\u00edch c\u00e1 nh\u00e2n, phi th\u01b0\u01a1ng m\u1ea1i.<\/li><li>\u0110\u01b0\u1ee3c li\u00ean h\u1ec7 v\u1edbi ch\u00fang t\u00f4i \u0111\u1ec3 \u0111\u01b0\u1ee3c t\u01b0 v\u1ea5n, h\u1ed7 tr\u1ee3.<\/li><\/ul><h3>4.2. Tr\u00e1ch nhi\u1ec7m c\u1ee7a Ng\u01b0\u1eddi s\u1eed d\u1ee5ng<\/h3><ul><li>Tu\u00e2n th\u1ee7 c\u00e1c quy \u0111\u1ecbnh t\u1ea1i \u0110i\u1ec1u kho\u1ea3n n\u00e0y v\u00e0 ph\u00e1p lu\u1eadt hi\u1ec7n h\u00e0nh<\/li><li>Kh\u00f4ng can thi\u1ec7p, x\u00e2m nh\u1eadp, ph\u00e1 ho\u1ea1i c\u1ea5u tr\u00fac, d\u1eef li\u1ec7u ho\u1eb7c ho\u1ea1t \u0111\u1ed9ng c\u1ee7a Website.<\/li><li>Kh\u00f4ng l\u1ee3i d\u1ee5ng Website \u0111\u1ec3 ph\u00e1t t\u00e1n th\u00f4ng tin sai l\u1ec7ch, vi ph\u1ea1m ph\u00e1p lu\u1eadt ho\u1eb7c th\u1ef1c hi\u1ec7n h\u00e0nh vi tr\u00e1i ph\u00e9p.<\/li><li>Cung c\u1ea5p th\u00f4ng tin c\u00e1 nh\u00e2n ch\u00ednh x\u00e1c, h\u1ee3p ph\u00e1p khi g\u1eedi y\u00eau c\u1ea7u qua c\u00e1c bi\u1ec3u m\u1eabu li\u00ean h\u1ec7.<\/li><\/ul><h2><strong>\u0110i\u1ec1u 5: Mi\u1ec5n tr\u1eeb tr\u00e1ch nhi\u1ec7m<\/strong><\/h2><p>5.1. Ch\u00fang t\u00f4i kh\u00f4ng b\u1ea3o \u0111\u1ea3m Website s\u1ebd v\u1eadn h\u00e0nh li\u00ean t\u1ee5c, kh\u00f4ng gi\u00e1n \u0111o\u1ea1n, kh\u00f4ng l\u1ed7i k\u1ef9 thu\u1eadt ho\u1eb7c kh\u00f4ng b\u1ecb \u1ea3nh h\u01b0\u1edfng b\u1edfi virus, s\u1ef1 c\u1ed1 \u0111\u01b0\u1eddng truy\u1ec1n. Ch\u00fang t\u00f4i\u00a0<strong>mi\u1ec5n tr\u1eeb tr\u00e1ch nhi\u1ec7m<\/strong>\u00a0\u0111\u1ed1i v\u1edbi m\u1ecdi thi\u1ec7t h\u1ea1i ph\u00e1t sinh t\u1eeb nh\u1eefng y\u1ebfu t\u1ed1 n\u00e0y.<\/p><p>5.2. Website c\u00f3 th\u1ec3 ch\u1ee9a li\u00ean k\u1ebft \u0111\u1ebfn c\u00e1c trang b\u00ean th\u1ee9 ba nh\u1eb1m m\u1ee5c \u0111\u00edch tham kh\u1ea3o. Ch\u00fang t\u00f4i kh\u00f4ng ch\u1ecbu tr\u00e1ch nhi\u1ec7m v\u1ec1 n\u1ed9i dung, t\u00ednh ch\u00ednh x\u00e1c ho\u1eb7c ch\u00ednh s\u00e1ch b\u1ea3o m\u1eadt c\u1ee7a c\u00e1c trang web \u0111\u00f3.<\/p><h2><strong>\u0110i\u1ec1u 6: Thu th\u1eadp v\u00e0 b\u1ea3o m\u1eadt th\u00f4ng tin c\u00e1 nh\u00e2n<\/strong><\/h2><p>Th\u00f4ng tin c\u00e1 nh\u00e2n c\u1ee7a Qu\u00fd kh\u00e1ch \u0111\u01b0\u1ee3c ch\u00fang t\u00f4i thu th\u1eadp v\u00e0 b\u1ea3o m\u1eadt theo\u00a0<em><strong>Ch\u00ednh s\u00e1ch B\u1ea3o m\u1eadt<\/strong><\/em>. Vui l\u00f2ng tham kh\u1ea3o ch\u00ednh s\u00e1ch n\u00e0y \u0111\u1ec3 hi\u1ec3u r\u00f5 c\u00e1ch d\u1eef li\u1ec7u \u0111\u01b0\u1ee3c thu th\u1eadp, s\u1eed d\u1ee5ng v\u00e0 b\u1ea3o v\u1ec7.<\/p><h2><strong>\u0110i\u1ec1u 7: S\u1eeda \u0111\u1ed5i, b\u1ed5 sung \u0110i\u1ec1u kho\u1ea3n<\/strong><\/h2><p>Ch\u00fang t\u00f4i c\u00f3 quy\u1ec1n \u0111i\u1ec1u ch\u1ec9nh, c\u1eadp nh\u1eadt \u0110i\u1ec1u kho\u1ea3n b\u1ea5t k\u1ef3 l\u00fac n\u00e0o m\u00e0 kh\u00f4ng c\u1ea7n b\u00e1o tr\u01b0\u1edbc. C\u00e1c thay \u0111\u1ed5i c\u00f3 hi\u1ec7u l\u1ef1c ngay khi \u0111\u01b0\u1ee3c \u0111\u0103ng t\u1ea3i tr\u00ean Website. Vi\u1ec7c ti\u1ebfp t\u1ee5c s\u1eed d\u1ee5ng Website sau khi c\u00f3 c\u1eadp nh\u1eadt \u0111\u1ed3ng ngh\u0129a v\u1edbi vi\u1ec7c Qu\u00fd kh\u00e1ch ch\u1ea5p nh\u1eadn c\u00e1c \u0111i\u1ec1u kho\u1ea3n m\u1edbi.<\/p><h2><strong>\u0110i\u1ec1u 8: Lu\u1eadt \u00e1p d\u1ee5ng v\u00e0 gi\u1ea3i quy\u1ebft tranh ch\u1ea5p<\/strong><\/h2><p>8.1. \u0110i\u1ec1u kho\u1ea3n n\u00e0y \u0111\u01b0\u1ee3c \u0111i\u1ec1u ch\u1ec9nh v\u00e0 gi\u1ea3i th\u00edch theo ph\u00e1p lu\u1eadt c\u1ee7a n\u01b0\u1edbc C\u1ed9ng h\u00f2a X\u00e3 h\u1ed9i Ch\u1ee7 ngh\u0129a Vi\u1ec7t Nam.<\/p><p>8.2. Tranh ch\u1ea5p ph\u00e1t sinh t\u1eeb vi\u1ec7c s\u1eed d\u1ee5ng Website s\u1ebd \u0111\u01b0\u1ee3c \u01b0u ti\u00ean gi\u1ea3i quy\u1ebft th\u00f4ng qua th\u01b0\u01a1ng l\u01b0\u1ee3ng, h\u00f2a gi\u1ea3i. N\u1ebfu kh\u00f4ng \u0111\u1ea1t k\u1ebft qu\u1ea3, v\u1ee5 vi\u1ec7c s\u1ebd \u0111\u01b0\u1ee3c \u0111\u01b0a ra T\u00f2a \u00e1n c\u00f3 th\u1ea9m quy\u1ec1n t\u1ea1i Vi\u1ec7t Nam.<\/p><h2><strong>\u0110i\u1ec1u 9: Th\u00f4ng tin li\u00ean h\u1ec7<\/strong><\/h2><p>M\u1ecdi th\u1eafc m\u1eafc ho\u1eb7c g\u00f3p \u00fd li\u00ean quan \u0111\u1ebfn \u0110i\u1ec1u kho\u1ea3n s\u1eed d\u1ee5ng, vui l\u00f2ng li\u00ean h\u1ec7:<\/p><ul><li>\u0110\u1ecba ch\u1ec9: M1-35 Manhattan, Vinhomes Grand Park, Ph\u01b0\u1eddng Long Th\u1ea1nh M\u1ef9, Th\u00e0nh ph\u1ed1 Th\u1ee7 \u0110\u1ee9c, Th\u00e0nh Ph\u1ed1 H\u1ed3 Ch\u00ed Minh<\/li><li>S\u1ed1 \u0111i\u1ec7n tho\u1ea1i:\u00a0<a class=\"text-[#176AFF] font-medium hover:underline\" href=\"tel:0778000678\">0778.000.678<\/a><\/li><li>Email: cskh@globalcitymasterise.vn<\/li><\/ul><p>\u0110i\u1ec1u kho\u1ea3n n\u00e0y c\u00f3 hi\u1ec7u l\u1ef1c k\u1ec3 t\u1eeb ng\u00e0y 01\/01\/2026<\/p>\t\t\t\t\t\t\t\t<\/div>\n\t\t\t\t\t<\/div>\n\t\t\t\t<\/div>\n\t\t\t\t<\/div>\n\t\t","protected":false},"excerpt":{"rendered":"<p>\u0110I\u1ec0U KHO\u1ea2N S\u1eec D\u1ee4NG Ch\u00e0o m\u1eebng Qu\u00fd kh\u00e1ch \u0111\u1ebfn v\u1edbi globalcitymasterise.vn Tr\u01b0\u1edbc khi truy c\u1eadp v\u00e0 s\u1eed d\u1ee5ng, vui l\u00f2ng \u0111\u1ecdc k\u1ef9 c\u00e1c \u0110i\u1ec1u kho\u1ea3n v\u00e0 \u0110i\u1ec1u ki\u1ec7n s\u1eed d\u1ee5ng (sau \u0111\u00e2y g\u1ecdi l\u00e0 \u201c\u0110i\u1ec1u kho\u1ea3n\u201d). B\u1eb1ng vi\u1ec7c ti\u1ebfp t\u1ee5c s\u1eed d\u1ee5ng Website, Qu\u00fd kh\u00e1ch \u0111\u1ed3ng ngh\u0129a v\u1edbi vi\u1ec7c \u0111\u00e3 \u0111\u1ecdc, hi\u1ec3u v\u00e0 ch\u1ea5p nh\u1eadn [&hellip;]<\/p>\n","protected":false},"author":1,"featured_media":0,"parent":0,"menu_order":0,"comment_status":"closed","ping_status":"closed","template":"elementor_header_footer","meta":{"footnotes":""},"class_list":["post-116","page","type-page","status-publish","hentry"],"_links":{"self":[{"href":"https:\/\/globalcitymasterise.vn\/en\/wp-json\/wp\/v2\/pages\/116","targetHints":{"allow":["GET"]}}],"collection":[{"href":"https:\/\/globalcitymasterise.vn\/en\/wp-json\/wp\/v2\/pages"}],"about":[{"href":"https:\/\/globalcitymasterise.vn\/en\/wp-json\/wp\/v2\/types\/page"}],"author":[{"embeddable":true,"href":"https:\/\/globalcitymasterise.vn\/en\/wp-json\/wp\/v2\/users\/1"}],"replies":[{"embeddable":true,"href":"https:\/\/globalcitymasterise.vn\/en\/wp-json\/wp\/v2\/comments?post=116"}],"version-history":[{"count":3,"href":"https:\/\/globalcitymasterise.vn\/en\/wp-json\/wp\/v2\/pages\/116\/revisions"}],"predecessor-version":[{"id":1274,"href":"https:\/\/globalcitymasterise.vn\/en\/wp-json\/wp\/v2\/pages\/116\/revisions\/1274"}],"wp:attachment":[{"href":"https:\/\/globalcitymasterise.vn\/en\/wp-json\/wp\/v2\/media?parent=116"}],"curies":[{"name":"wp","href":"https:\/\/api.w.org\/{rel}","templated":true}]}}